{"id":2,"date":"2013-06-05T09:09:34","date_gmt":"2013-06-05T09:09:34","guid":{"rendered":"http:\/\/www.sergiopresa.com\/?page_id=2"},"modified":"2020-08-30T07:35:20","modified_gmt":"2020-08-30T06:35:20","slug":"sobre-mi","status":"publish","type":"page","link":"https:\/\/www.sergiopresa.com\/?page_id=2","title":{"rendered":"Sobre mi"},"content":{"rendered":"<p style=\"text-align: justify;\">Desde muy peque\u00f1o, siempre que ten\u00eda oportunidad de desmontar algo porque estaba estropeado, ah\u00ed estaba yo destornillador en mano para ver si pod\u00eda ser arreglado.\u00a0 Fruto de mis inquietudes, estudi\u00e9 primero <strong>ingenier\u00eda t\u00e9cnica industrial electr\u00f3nica<\/strong> y m\u00e1s tarde <strong>ingenier\u00eda en automatica y electr\u00f3nica industrial<\/strong>.<\/p>\n<p style=\"text-align: justify;\">A lo largo de los a\u00f1os de universidad aprend\u00ed bastante de electr\u00f3nica, aunque a nivel profesional, siempre me ha tocado hacer m\u00e1s trabajo de inform\u00e1tico. En 2004 comenc\u00e9 a trabajar en una empresa haciendo webs sencillas. Luego en esa misma empresa aprend\u00ed c\u00f3mo gestionar e instalar tpvs. Tambi\u00e9n me dieron unas peque\u00f1as nociones de montaje de dom\u00f3tica en vivienda.<\/p>\n<p style=\"text-align: justify;\">A continuaci\u00f3n, estuve dos a\u00f1os en el servicio inform\u00e1tico de la universidad. El primer a\u00f1o de t\u00e9cnico de aula y el segundo en el departamento de sistemas.<\/p>\n<p style=\"text-align: justify;\">M\u00e1s tarde, volv\u00ed durante unos meses a la empresa que me di\u00f3 la oportunidad de entrar en el mercado laboral, donde estuve de responsable de inform\u00e1tica.<\/p>\n<p style=\"text-align: justify;\">Tras esta experiencia, entr\u00e9 a trabajar en una empresa dedicada a la fabricaci\u00f3n de soluciones electr\u00f3nicas a medida. En esta empresa aprend\u00ed much\u00edsimo. Aunque no era mi deber dise\u00f1ar la electr\u00f3nica, siempre tomaba buena nota de lo que iba viendo. Mi labor, entre otras muchas tareas, era programar los sistemas electr\u00f3nicos para que hicieran lo que el cliente necesitaba para solucionar su problem\u00e1tica.<\/p>\n<p style=\"text-align: justify;\">Ah\u00ed estuve cuatro a\u00f1os hasta que pas\u00f3 por delante de mi uno de esos trenes que no se pueden dejar escapar porque quiza no vuelvan. Estoy en una empresa desarrollando videojuegos, mi otra gran pasi\u00f3n.<\/p>\n<p style=\"text-align: justify;\">Como mis inquietudes por la electr\u00f3nica son muy amplias, en este blog pretendo plasmar tutoriales, videos o art\u00edculos que encuentre interesantes, siempre tratandose del ambito electr\u00f3nico o relacionado con \u00e9l de alg\u00fan modo.<\/p>\n<p style=\"text-align: justify;\">Si est\u00e1 interesado en contactar conmigo, puede hacerlos de dos formas:<\/p>\n<p style=\"text-align: justify;\"><strong>Redes Sociales:<\/strong><\/p>\n<p style=\"text-align: justify;\">Twitter: <a href=\"http:\/\/twitter.com\/locomjj\">@LocoMJJ<\/a><\/p>\n<p style=\"text-align: justify;\"><strong>Correo electr\u00f3nico:<\/strong><\/p>\n<p style=\"text-align: justify;\">sergiopresafontan en gmail punto com<\/p>\n","protected":false},"excerpt":{"rendered":"<p>Desde muy peque\u00f1o, siempre que ten\u00eda oportunidad de desmontar algo porque estaba estropeado, ah\u00ed estaba yo destornillador en mano para ver si pod\u00eda ser arreglado.\u00a0 Fruto de mis inquietudes, estudi\u00e9 primero ingenier\u00eda t\u00e9cnica industrial electr\u00f3nica y m\u00e1s tarde ingenier\u00eda en &hellip; <a href=\"https:\/\/www.sergiopresa.com\/?page_id=2\">Sigue leyendo <span class=\"meta-nav\">&rarr;<\/span><\/a><\/p>\n","protected":false},"author":1,"featured_media":0,"parent":0,"menu_order":0,"comment_status":"closed","ping_status":"open","template":"","meta":{"footnotes":""},"class_list":["post-2","page","type-page","status-publish","hentry"],"_links":{"self":[{"href":"https:\/\/www.sergiopresa.com\/index.php?rest_route=\/wp\/v2\/pages\/2","targetHints":{"allow":["GET"]}}],"collection":[{"href":"https:\/\/www.sergiopresa.com\/index.php?rest_route=\/wp\/v2\/pages"}],"about":[{"href":"https:\/\/www.sergiopresa.com\/index.php?rest_route=\/wp\/v2\/types\/page"}],"author":[{"embeddable":true,"href":"https:\/\/www.sergiopresa.com\/index.php?rest_route=\/wp\/v2\/users\/1"}],"replies":[{"embeddable":true,"href":"https:\/\/www.sergiopresa.com\/index.php?rest_route=%2Fwp%2Fv2%2Fcomments&post=2"}],"version-history":[{"count":1,"href":"https:\/\/www.sergiopresa.com\/index.php?rest_route=\/wp\/v2\/pages\/2\/revisions"}],"predecessor-version":[{"id":44,"href":"https:\/\/www.sergiopresa.com\/index.php?rest_route=\/wp\/v2\/pages\/2\/revisions\/44"}],"wp:attachment":[{"href":"https:\/\/www.sergiopresa.com\/index.php?rest_route=%2Fwp%2Fv2%2Fmedia&parent=2"}],"curies":[{"name":"wp","href":"https:\/\/api.w.org\/{rel}","templated":true}]}}